{"id":9,"date":"2026-03-25T18:29:19","date_gmt":"2026-03-25T18:29:19","guid":{"rendered":"https:\/\/kapa.at\/index.php\/wartungsseite\/"},"modified":"2026-03-25T18:35:08","modified_gmt":"2026-03-25T18:35:08","slug":"wartungsseite","status":"publish","type":"page","link":"https:\/\/kapa.at\/","title":{"rendered":"Wartungsseite"},"content":{"rendered":"\n<div id=\"wp-block-themeisle-blocks-advanced-columns-0d617423\" class=\"wp-block-themeisle-blocks-advanced-columns alignfull has-1-columns has-desktop-equal-layout has-tablet-equal-layout has-mobile-equal-layout has-vertical-center has-light-bg\"><div class=\"wp-block-themeisle-blocks-advanced-columns-overlay\"><\/div><div class=\"innerblocks-wrap\">\n<div id=\"wp-block-themeisle-blocks-advanced-column-09847c7b\" class=\"wp-block-themeisle-blocks-advanced-column\"><div class=\"wp-block-image ticss-3f08ab9a\">\n<figure class=\"aligncenter size-large is-resized\"><img decoding=\"async\" src=\"https:\/\/demosites.io\/otter\/wp-content\/uploads\/sites\/664\/2022\/08\/maintenance_image_hero.svg\" alt=\"\" class=\"wp-image-181\" style=\"width:477px;height:349px\"\/><\/figure>\n<\/div>\n\n\n<h1 id=\"wp-block-themeisle-blocks-advanced-heading-84bfa495\" class=\"wp-block-themeisle-blocks-advanced-heading wp-block-themeisle-blocks-advanced-heading-84bfa495\">Website is under maintenance<\/h1>\n\n\n\n<p id=\"wp-block-themeisle-blocks-advanced-heading-4956a7c6\" class=\"wp-block-themeisle-blocks-advanced-heading wp-block-themeisle-blocks-advanced-heading-4956a7c6\">Wir aktualisieren gerade unsere Website und sind daher f\u00fcr kurze Zeit offline.<br><br>Wir sind in K\u00fcrze wieder f\u00fcr Sie da!<\/p>\n<\/div>\n<\/div><\/div>\n","protected":false},"excerpt":{"rendered":"","protected":false},"author":1,"featured_media":0,"parent":0,"menu_order":0,"comment_status":"closed","ping_status":"closed","template":"templates\/wpmm-page-template.php","meta":{"_themeisle_gutenberg_block_has_review":false,"footnotes":""},"class_list":["post-9","page","type-page","status-publish","hentry"],"_links":{"self":[{"href":"https:\/\/kapa.at\/index.php\/wp-json\/wp\/v2\/pages\/9","targetHints":{"allow":["GET"]}}],"collection":[{"href":"https:\/\/kapa.at\/index.php\/wp-json\/wp\/v2\/pages"}],"about":[{"href":"https:\/\/kapa.at\/index.php\/wp-json\/wp\/v2\/types\/page"}],"author":[{"embeddable":true,"href":"https:\/\/kapa.at\/index.php\/wp-json\/wp\/v2\/users\/1"}],"replies":[{"embeddable":true,"href":"https:\/\/kapa.at\/index.php\/wp-json\/wp\/v2\/comments?post=9"}],"version-history":[{"count":3,"href":"https:\/\/kapa.at\/index.php\/wp-json\/wp\/v2\/pages\/9\/revisions"}],"predecessor-version":[{"id":13,"href":"https:\/\/kapa.at\/index.php\/wp-json\/wp\/v2\/pages\/9\/revisions\/13"}],"wp:attachment":[{"href":"https:\/\/kapa.at\/index.php\/wp-json\/wp\/v2\/media?parent=9"}],"curies":[{"name":"wp","href":"https:\/\/api.w.org\/{rel}","templated":true}]}}